{"id":50,"date":"2024-11-17T18:45:56","date_gmt":"2024-11-17T18:45:56","guid":{"rendered":"https:\/\/www.cosersapty.com\/?page_id=50"},"modified":"2024-12-12T23:45:25","modified_gmt":"2024-12-12T23:45:25","slug":"guillermo-cantillo-chanis-2","status":"publish","type":"page","link":"https:\/\/www.cosersapty.com\/index.php\/guillermo-cantillo-chanis-2\/","title":{"rendered":"Guillermo Cantillo Chanis"},"content":{"rendered":"\n<div class=\"wp-block-columns is-layout-flex wp-container-core-columns-is-layout-28f84493 wp-block-columns-is-layout-flex\">\n<div class=\"wp-block-column is-layout-flow wp-block-column-is-layout-flow\">\n<p><strong>Socio de Calidad<\/strong><\/p>\n<\/div>\n\n\n\n<div class=\"wp-block-column is-layout-flow wp-block-column-is-layout-flow\"><\/div>\n<\/div>\n\n\n\n<div class=\"wp-block-columns is-layout-flex wp-container-core-columns-is-layout-28f84493 wp-block-columns-is-layout-flex\">\n<div class=\"wp-block-column is-layout-flow wp-block-column-is-layout-flow\">\n<figure class=\"wp-block-image size-large is-resized\"><img loading=\"lazy\" decoding=\"async\" width=\"859\" height=\"1024\" src=\"https:\/\/www.cosersapty.com\/wp-content\/uploads\/2024\/12\/Guillermo-859x1024.jpeg\" alt=\"\" class=\"wp-image-345\" style=\"width:450px;height:auto\" srcset=\"https:\/\/www.cosersapty.com\/wp-content\/uploads\/2024\/12\/Guillermo-859x1024.jpeg 859w, https:\/\/www.cosersapty.com\/wp-content\/uploads\/2024\/12\/Guillermo-252x300.jpeg 252w, https:\/\/www.cosersapty.com\/wp-content\/uploads\/2024\/12\/Guillermo-768x916.jpeg 768w, https:\/\/www.cosersapty.com\/wp-content\/uploads\/2024\/12\/Guillermo.jpeg 1179w\" sizes=\"auto, (max-width: 859px) 100vw, 859px\" \/><\/figure>\n\n\n\n<p><strong>Correo:<\/strong> <a href=\"mailto:gcantillo@cosersapty.com\">gcantillo@cosersapty.com<\/a><\/p>\n<\/div>\n\n\n\n<div class=\"wp-block-column is-layout-flow wp-block-column-is-layout-flow\">\n<p><strong>Experiencia General<\/strong><\/p>\n\n\n\n<ul class=\"wp-block-list\">\n<li>Guillermo cuenta con m\u00e1s de 30 a\u00f1os de experiencia profesional, principalmente en las \u00e1reas de auditor\u00eda, finanzas, control financiero y cumplimiento con amplia experiencia a nivel corporativo en la banca local y regional.<\/li>\n<\/ul>\n\n\n\n<p><strong>Experiencia Espec\u00edfica<\/strong><\/p>\n\n\n\n<ul class=\"wp-block-list\">\n<li>Ha ocupado posiciones ejecutivas en entidades p\u00fablicas y privadas (Banco Nacional de Panam\u00e1, Banistmo, HSBC Bank Panam\u00e1, Banvivienda, Caja de Ahorros).<\/li>\n<\/ul>\n\n\n\n<p><strong>Estudios acad\u00e9micos<\/strong><\/p>\n\n\n\n<ul class=\"wp-block-list\">\n<li>Licenciatura en Finanzas (Universidad Santa Mar\u00eda La Antigua)<\/li>\n\n\n\n<li>Diplomado en Normas Internacionales de Informaci\u00f3n Financiera (Universidad Especializada del Contador P\u00fablico Autorizado)<\/li>\n<\/ul>\n\n\n\n<p><strong>Certificaciones<\/strong><\/p>\n\n\n\n<ul class=\"wp-block-list\">\n<li>Certified Professional Anti-Money Laundering (Florida International Bankers Association (FIBA))<\/li>\n\n\n\n<li>Auditor Certificado en Control Interno \u2013 COSO (The Institute of Internal Auditors)<\/li>\n<\/ul>\n<\/div>\n<\/div>\n\n\n\n<figure class=\"wp-block-image alignright size-full is-resized\"><a href=\"\/#elequipo\"><img loading=\"lazy\" decoding=\"async\" width=\"140\" height=\"110\" src=\"https:\/\/www.cosersapty.com\/wp-content\/uploads\/2024\/12\/FlechaArriba.png\" alt=\"Ir a Servicios\" class=\"wp-image-123\" style=\"width:62px;height:auto\"\/><\/a><\/figure>\n\n\n\n<p><\/p>\n","protected":false},"excerpt":{"rendered":"<p>Socio de Calidad Correo: gcantillo@cosersapty.com Experiencia General Experiencia Espec\u00edfica Estudios acad\u00e9micos Certificaciones<\/p>\n","protected":false},"author":1,"featured_media":0,"parent":0,"menu_order":0,"comment_status":"closed","ping_status":"closed","template":"","meta":{"footnotes":""},"class_list":["post-50","page","type-page","status-publish","hentry"],"yoast_head":"<!-- This site is optimized with the Yoast SEO plugin v27.2 - https:\/\/yoast.com\/product\/yoast-seo-wordpress\/ -->\r\n<title>Guillermo Cantillo Chanis - Conceptos de Seguridad y Riesgos<\/title>\r\n<meta name=\"robots\" content=\"index, follow, max-snippet:-1, max-image-preview:large, max-video-preview:-1\" \/>\r\n<link rel=\"canonical\" href=\"https:\/\/www.cosersapty.com\/index.php\/guillermo-cantillo-chanis-2\/\" \/>\r\n<meta property=\"og:locale\" content=\"es_MX\" \/>\r\n<meta property=\"og:type\" content=\"article\" \/>\r\n<meta property=\"og:title\" content=\"Guillermo Cantillo Chanis - Conceptos de Seguridad y Riesgos\" \/>\r\n<meta property=\"og:description\" content=\"Socio de Calidad Correo: gcantillo@cosersapty.com Experiencia General Experiencia Espec\u00edfica Estudios acad\u00e9micos Certificaciones\" \/>\r\n<meta property=\"og:url\" content=\"https:\/\/www.cosersapty.com\/index.php\/guillermo-cantillo-chanis-2\/\" \/>\r\n<meta property=\"og:site_name\" content=\"Conceptos de Seguridad y Riesgos\" \/>\r\n<meta property=\"article:modified_time\" content=\"2024-12-12T23:45:25+00:00\" \/>\r\n<meta property=\"og:image\" content=\"https:\/\/www.cosersapty.com\/wp-content\/uploads\/2024\/12\/Guillermo.jpeg\" \/>\r\n\t<meta property=\"og:image:width\" content=\"1179\" \/>\r\n\t<meta property=\"og:image:height\" content=\"1406\" \/>\r\n\t<meta property=\"og:image:type\" content=\"image\/jpeg\" \/>\r\n<meta name=\"twitter:card\" content=\"summary_large_image\" \/>\r\n<meta name=\"twitter:label1\" content=\"Tiempo de lectura\" \/>\n\t<meta name=\"twitter:data1\" content=\"1 minuto\" \/>\r\n<script type=\"application\/ld+json\" class=\"yoast-schema-graph\">{\"@context\":\"https:\/\/schema.org\",\"@graph\":[{\"@type\":\"WebPage\",\"@id\":\"https:\/\/www.cosersapty.com\/index.php\/guillermo-cantillo-chanis-2\/\",\"url\":\"https:\/\/www.cosersapty.com\/index.php\/guillermo-cantillo-chanis-2\/\",\"name\":\"Guillermo Cantillo Chanis - Conceptos de Seguridad y Riesgos\",\"isPartOf\":{\"@id\":\"https:\/\/www.cosersapty.com\/#website\"},\"primaryImageOfPage\":{\"@id\":\"https:\/\/www.cosersapty.com\/index.php\/guillermo-cantillo-chanis-2\/#primaryimage\"},\"image\":{\"@id\":\"https:\/\/www.cosersapty.com\/index.php\/guillermo-cantillo-chanis-2\/#primaryimage\"},\"thumbnailUrl\":\"https:\/\/www.cosersapty.com\/wp-content\/uploads\/2024\/12\/Guillermo-859x1024.jpeg\",\"datePublished\":\"2024-11-17T18:45:56+00:00\",\"dateModified\":\"2024-12-12T23:45:25+00:00\",\"breadcrumb\":{\"@id\":\"https:\/\/www.cosersapty.com\/index.php\/guillermo-cantillo-chanis-2\/#breadcrumb\"},\"inLanguage\":\"es\",\"potentialAction\":[{\"@type\":\"ReadAction\",\"target\":[\"https:\/\/www.cosersapty.com\/index.php\/guillermo-cantillo-chanis-2\/\"]}]},{\"@type\":\"ImageObject\",\"inLanguage\":\"es\",\"@id\":\"https:\/\/www.cosersapty.com\/index.php\/guillermo-cantillo-chanis-2\/#primaryimage\",\"url\":\"https:\/\/www.cosersapty.com\/wp-content\/uploads\/2024\/12\/Guillermo.jpeg\",\"contentUrl\":\"https:\/\/www.cosersapty.com\/wp-content\/uploads\/2024\/12\/Guillermo.jpeg\",\"width\":1179,\"height\":1406},{\"@type\":\"BreadcrumbList\",\"@id\":\"https:\/\/www.cosersapty.com\/index.php\/guillermo-cantillo-chanis-2\/#breadcrumb\",\"itemListElement\":[{\"@type\":\"ListItem\",\"position\":1,\"name\":\"Inicio\",\"item\":\"https:\/\/www.cosersapty.com\/\"},{\"@type\":\"ListItem\",\"position\":2,\"name\":\"Guillermo Cantillo Chanis\"}]},{\"@type\":\"WebSite\",\"@id\":\"https:\/\/www.cosersapty.com\/#website\",\"url\":\"https:\/\/www.cosersapty.com\/\",\"name\":\"Conceptos de Seguridad y Riesgos\",\"description\":\"\",\"potentialAction\":[{\"@type\":\"SearchAction\",\"target\":{\"@type\":\"EntryPoint\",\"urlTemplate\":\"https:\/\/www.cosersapty.com\/?s={search_term_string}\"},\"query-input\":{\"@type\":\"PropertyValueSpecification\",\"valueRequired\":true,\"valueName\":\"search_term_string\"}}],\"inLanguage\":\"es\"}]}<\/script>\r\n<!-- \/ Yoast SEO plugin. -->","yoast_head_json":{"title":"Guillermo Cantillo Chanis - Conceptos de Seguridad y Riesgos","robots":{"index":"index","follow":"follow","max-snippet":"max-snippet:-1","max-image-preview":"max-image-preview:large","max-video-preview":"max-video-preview:-1"},"canonical":"https:\/\/www.cosersapty.com\/index.php\/guillermo-cantillo-chanis-2\/","og_locale":"es_MX","og_type":"article","og_title":"Guillermo Cantillo Chanis - Conceptos de Seguridad y Riesgos","og_description":"Socio de Calidad Correo: gcantillo@cosersapty.com Experiencia General Experiencia Espec\u00edfica Estudios acad\u00e9micos Certificaciones","og_url":"https:\/\/www.cosersapty.com\/index.php\/guillermo-cantillo-chanis-2\/","og_site_name":"Conceptos de Seguridad y Riesgos","article_modified_time":"2024-12-12T23:45:25+00:00","og_image":[{"width":1179,"height":1406,"url":"https:\/\/www.cosersapty.com\/wp-content\/uploads\/2024\/12\/Guillermo.jpeg","type":"image\/jpeg"}],"twitter_card":"summary_large_image","twitter_misc":{"Tiempo de lectura":"1 minuto"},"schema":{"@context":"https:\/\/schema.org","@graph":[{"@type":"WebPage","@id":"https:\/\/www.cosersapty.com\/index.php\/guillermo-cantillo-chanis-2\/","url":"https:\/\/www.cosersapty.com\/index.php\/guillermo-cantillo-chanis-2\/","name":"Guillermo Cantillo Chanis - Conceptos de Seguridad y Riesgos","isPartOf":{"@id":"https:\/\/www.cosersapty.com\/#website"},"primaryImageOfPage":{"@id":"https:\/\/www.cosersapty.com\/index.php\/guillermo-cantillo-chanis-2\/#primaryimage"},"image":{"@id":"https:\/\/www.cosersapty.com\/index.php\/guillermo-cantillo-chanis-2\/#primaryimage"},"thumbnailUrl":"https:\/\/www.cosersapty.com\/wp-content\/uploads\/2024\/12\/Guillermo-859x1024.jpeg","datePublished":"2024-11-17T18:45:56+00:00","dateModified":"2024-12-12T23:45:25+00:00","breadcrumb":{"@id":"https:\/\/www.cosersapty.com\/index.php\/guillermo-cantillo-chanis-2\/#breadcrumb"},"inLanguage":"es","potentialAction":[{"@type":"ReadAction","target":["https:\/\/www.cosersapty.com\/index.php\/guillermo-cantillo-chanis-2\/"]}]},{"@type":"ImageObject","inLanguage":"es","@id":"https:\/\/www.cosersapty.com\/index.php\/guillermo-cantillo-chanis-2\/#primaryimage","url":"https:\/\/www.cosersapty.com\/wp-content\/uploads\/2024\/12\/Guillermo.jpeg","contentUrl":"https:\/\/www.cosersapty.com\/wp-content\/uploads\/2024\/12\/Guillermo.jpeg","width":1179,"height":1406},{"@type":"BreadcrumbList","@id":"https:\/\/www.cosersapty.com\/index.php\/guillermo-cantillo-chanis-2\/#breadcrumb","itemListElement":[{"@type":"ListItem","position":1,"name":"Inicio","item":"https:\/\/www.cosersapty.com\/"},{"@type":"ListItem","position":2,"name":"Guillermo Cantillo Chanis"}]},{"@type":"WebSite","@id":"https:\/\/www.cosersapty.com\/#website","url":"https:\/\/www.cosersapty.com\/","name":"Conceptos de Seguridad y Riesgos","description":"","potentialAction":[{"@type":"SearchAction","target":{"@type":"EntryPoint","urlTemplate":"https:\/\/www.cosersapty.com\/?s={search_term_string}"},"query-input":{"@type":"PropertyValueSpecification","valueRequired":true,"valueName":"search_term_string"}}],"inLanguage":"es"}]}},"_links":{"self":[{"href":"https:\/\/www.cosersapty.com\/index.php\/wp-json\/wp\/v2\/pages\/50","targetHints":{"allow":["GET"]}}],"collection":[{"href":"https:\/\/www.cosersapty.com\/index.php\/wp-json\/wp\/v2\/pages"}],"about":[{"href":"https:\/\/www.cosersapty.com\/index.php\/wp-json\/wp\/v2\/types\/page"}],"author":[{"embeddable":true,"href":"https:\/\/www.cosersapty.com\/index.php\/wp-json\/wp\/v2\/users\/1"}],"replies":[{"embeddable":true,"href":"https:\/\/www.cosersapty.com\/index.php\/wp-json\/wp\/v2\/comments?post=50"}],"version-history":[{"count":12,"href":"https:\/\/www.cosersapty.com\/index.php\/wp-json\/wp\/v2\/pages\/50\/revisions"}],"predecessor-version":[{"id":362,"href":"https:\/\/www.cosersapty.com\/index.php\/wp-json\/wp\/v2\/pages\/50\/revisions\/362"}],"wp:attachment":[{"href":"https:\/\/www.cosersapty.com\/index.php\/wp-json\/wp\/v2\/media?parent=50"}],"curies":[{"name":"wp","href":"https:\/\/api.w.org\/{rel}","templated":true}]}}