{"id":18,"date":"2024-11-14T18:48:08","date_gmt":"2024-11-14T18:48:08","guid":{"rendered":"https:\/\/www.cosersapty.com\/?page_id=18"},"modified":"2024-12-12T23:43:59","modified_gmt":"2024-12-12T23:43:59","slug":"humberto-macea-wilson","status":"publish","type":"page","link":"https:\/\/www.cosersapty.com\/index.php\/humberto-macea-wilson\/","title":{"rendered":"Humberto Macea Wilson"},"content":{"rendered":"\n<p class=\"has-secondary-accent-color has-text-color has-link-color wp-elements-d622377c46b1f2d44625a6ad5f5dc9b9\"><strong>Socio L\u00edder<\/strong><\/p>\n\n\n\n<div class=\"wp-block-columns is-layout-flex wp-container-core-columns-is-layout-28f84493 wp-block-columns-is-layout-flex\">\n<div class=\"wp-block-column is-layout-flow wp-block-column-is-layout-flow\">\n<figure class=\"wp-block-image size-full is-resized\"><img loading=\"lazy\" decoding=\"async\" width=\"1010\" height=\"1009\" src=\"https:\/\/www.cosersapty.com\/wp-content\/uploads\/2024\/12\/macea.jpg\" alt=\"\" class=\"wp-image-22\" style=\"width:450px\"\/><\/figure>\n\n\n\n<p><strong>Correo:<\/strong> <a href=\"mailto:hmacea@cosersapty.com\">hmacea@cosersapty.com<\/a><\/p>\n<\/div>\n\n\n\n<div class=\"wp-block-column is-layout-flow wp-block-column-is-layout-flow\">\n<p><strong>Experiencia General<\/strong><\/p>\n\n\n\n<ul class=\"wp-block-list\">\n<li>Humberto cuenta con m\u00e1s de 30 a\u00f1os de experiencia profesional, principalmente en la industria de servicios financieros en las \u00e1reas de log\u00edstica, auditor\u00eda, educaci\u00f3n, protecci\u00f3n y seguridad.<\/li>\n\n\n\n<li>Docente universitario en pregrado y postgrado<\/li>\n<\/ul>\n\n\n\n<p><strong>Experiencia Espec\u00edfica<\/strong><\/p>\n\n\n\n<ul class=\"wp-block-list\">\n<li>Socio fundador de COSERSA en el a\u00f1o 1996.<\/li>\n\n\n\n<li>Ha ocupado posiciones ejecutivas en entidades p\u00fablicas y privadas (Polic\u00eda Nacional, Banistmo, Banvivienda, Autoridad Nacional de Aduanas, Caja de Ahorros).<\/li>\n<\/ul>\n\n\n\n<p><strong>Estudios acad\u00e9micos<\/strong><\/p>\n\n\n\n<ul class=\"wp-block-list\">\n<li>Postgrado en Docencia Superior (Universidad Especializada de Las Am\u00e9rica- UDELAS)<\/li>\n\n\n\n<li>Maestr\u00eda en Gesti\u00f3n Ambiental (Universidad Latinoamericana de Tecnolog\u00eda y Ciencias-ULACIT)<\/li>\n\n\n\n<li>Maestr\u00eda en Administraci\u00f3n de Empresas (Universidad Cat\u00f3lica Santa Mar\u00eda La Antigua-USMA)<\/li>\n\n\n\n<li>Diplomado de Seguridad y Salud Ocupacional (USMA y COOSSMAP)<\/li>\n<\/ul>\n\n\n\n<p><strong>Otros<\/strong><\/p>\n\n\n\n<ul class=\"wp-block-list\">\n<li>Consultor Ambiental (Autoridad Nacional del Ambiente)<\/li>\n\n\n\n<li>Int\u00e9rprete P\u00fablico Autorizado Ingl\u00e9s\/Espa\u00f1ol<\/li>\n<\/ul>\n<\/div>\n<\/div>\n\n\n\n<figure class=\"wp-block-image alignright size-full is-resized\"><a href=\"\/#elequipo\"><img loading=\"lazy\" decoding=\"async\" width=\"140\" height=\"110\" src=\"https:\/\/www.cosersapty.com\/wp-content\/uploads\/2024\/12\/FlechaArriba.png\" alt=\"Ir a Servicios\" class=\"wp-image-123\" style=\"width:47px;height:auto\"\/><\/a><\/figure>\n\n\n\n<p><\/p>\n","protected":false},"excerpt":{"rendered":"<p>Socio L\u00edder Correo: hmacea@cosersapty.com Experiencia General Experiencia Espec\u00edfica Estudios acad\u00e9micos Otros<\/p>\n","protected":false},"author":1,"featured_media":0,"parent":0,"menu_order":0,"comment_status":"closed","ping_status":"closed","template":"","meta":{"footnotes":""},"class_list":["post-18","page","type-page","status-publish","hentry"],"yoast_head":"<!-- This site is optimized with the Yoast SEO plugin v27.2 - https:\/\/yoast.com\/product\/yoast-seo-wordpress\/ -->\r\n<title>Humberto Macea Wilson - Conceptos de Seguridad y Riesgos<\/title>\r\n<meta name=\"robots\" content=\"index, follow, max-snippet:-1, max-image-preview:large, max-video-preview:-1\" \/>\r\n<link rel=\"canonical\" href=\"https:\/\/www.cosersapty.com\/index.php\/humberto-macea-wilson\/\" \/>\r\n<meta property=\"og:locale\" content=\"es_MX\" \/>\r\n<meta property=\"og:type\" content=\"article\" \/>\r\n<meta property=\"og:title\" content=\"Humberto Macea Wilson - Conceptos de Seguridad y Riesgos\" \/>\r\n<meta property=\"og:description\" content=\"Socio L\u00edder Correo: hmacea@cosersapty.com Experiencia General Experiencia Espec\u00edfica Estudios acad\u00e9micos Otros\" \/>\r\n<meta property=\"og:url\" content=\"https:\/\/www.cosersapty.com\/index.php\/humberto-macea-wilson\/\" \/>\r\n<meta property=\"og:site_name\" content=\"Conceptos de Seguridad y Riesgos\" \/>\r\n<meta property=\"article:modified_time\" content=\"2024-12-12T23:43:59+00:00\" \/>\r\n<meta property=\"og:image\" content=\"https:\/\/www.cosersapty.com\/wp-content\/uploads\/2024\/11\/macea.jpg\" \/>\r\n\t<meta property=\"og:image:width\" content=\"1010\" \/>\r\n\t<meta property=\"og:image:height\" content=\"1009\" \/>\r\n\t<meta property=\"og:image:type\" content=\"image\/jpeg\" \/>\r\n<meta name=\"twitter:card\" content=\"summary_large_image\" \/>\r\n<meta name=\"twitter:label1\" content=\"Tiempo de lectura\" \/>\n\t<meta name=\"twitter:data1\" content=\"1 minuto\" \/>\r\n<script type=\"application\/ld+json\" class=\"yoast-schema-graph\">{\"@context\":\"https:\/\/schema.org\",\"@graph\":[{\"@type\":\"WebPage\",\"@id\":\"https:\/\/www.cosersapty.com\/index.php\/humberto-macea-wilson\/\",\"url\":\"https:\/\/www.cosersapty.com\/index.php\/humberto-macea-wilson\/\",\"name\":\"Humberto Macea Wilson - Conceptos de Seguridad y Riesgos\",\"isPartOf\":{\"@id\":\"https:\/\/www.cosersapty.com\/#website\"},\"primaryImageOfPage\":{\"@id\":\"https:\/\/www.cosersapty.com\/index.php\/humberto-macea-wilson\/#primaryimage\"},\"image\":{\"@id\":\"https:\/\/www.cosersapty.com\/index.php\/humberto-macea-wilson\/#primaryimage\"},\"thumbnailUrl\":\"https:\/\/www.cosersapty.com\/wp-content\/uploads\/2024\/12\/macea.jpg\",\"datePublished\":\"2024-11-14T18:48:08+00:00\",\"dateModified\":\"2024-12-12T23:43:59+00:00\",\"breadcrumb\":{\"@id\":\"https:\/\/www.cosersapty.com\/index.php\/humberto-macea-wilson\/#breadcrumb\"},\"inLanguage\":\"es\",\"potentialAction\":[{\"@type\":\"ReadAction\",\"target\":[\"https:\/\/www.cosersapty.com\/index.php\/humberto-macea-wilson\/\"]}]},{\"@type\":\"ImageObject\",\"inLanguage\":\"es\",\"@id\":\"https:\/\/www.cosersapty.com\/index.php\/humberto-macea-wilson\/#primaryimage\",\"url\":\"https:\/\/www.cosersapty.com\/wp-content\/uploads\/2024\/11\/macea.jpg\",\"contentUrl\":\"https:\/\/www.cosersapty.com\/wp-content\/uploads\/2024\/11\/macea.jpg\",\"width\":1010,\"height\":1009},{\"@type\":\"BreadcrumbList\",\"@id\":\"https:\/\/www.cosersapty.com\/index.php\/humberto-macea-wilson\/#breadcrumb\",\"itemListElement\":[{\"@type\":\"ListItem\",\"position\":1,\"name\":\"Inicio\",\"item\":\"https:\/\/www.cosersapty.com\/\"},{\"@type\":\"ListItem\",\"position\":2,\"name\":\"Humberto Macea Wilson\"}]},{\"@type\":\"WebSite\",\"@id\":\"https:\/\/www.cosersapty.com\/#website\",\"url\":\"https:\/\/www.cosersapty.com\/\",\"name\":\"Conceptos de Seguridad y Riesgos\",\"description\":\"\",\"potentialAction\":[{\"@type\":\"SearchAction\",\"target\":{\"@type\":\"EntryPoint\",\"urlTemplate\":\"https:\/\/www.cosersapty.com\/?s={search_term_string}\"},\"query-input\":{\"@type\":\"PropertyValueSpecification\",\"valueRequired\":true,\"valueName\":\"search_term_string\"}}],\"inLanguage\":\"es\"}]}<\/script>\r\n<!-- \/ Yoast SEO plugin. -->","yoast_head_json":{"title":"Humberto Macea Wilson - Conceptos de Seguridad y Riesgos","robots":{"index":"index","follow":"follow","max-snippet":"max-snippet:-1","max-image-preview":"max-image-preview:large","max-video-preview":"max-video-preview:-1"},"canonical":"https:\/\/www.cosersapty.com\/index.php\/humberto-macea-wilson\/","og_locale":"es_MX","og_type":"article","og_title":"Humberto Macea Wilson - Conceptos de Seguridad y Riesgos","og_description":"Socio L\u00edder Correo: hmacea@cosersapty.com Experiencia General Experiencia Espec\u00edfica Estudios acad\u00e9micos Otros","og_url":"https:\/\/www.cosersapty.com\/index.php\/humberto-macea-wilson\/","og_site_name":"Conceptos de Seguridad y Riesgos","article_modified_time":"2024-12-12T23:43:59+00:00","og_image":[{"width":1010,"height":1009,"url":"https:\/\/www.cosersapty.com\/wp-content\/uploads\/2024\/11\/macea.jpg","type":"image\/jpeg"}],"twitter_card":"summary_large_image","twitter_misc":{"Tiempo de lectura":"1 minuto"},"schema":{"@context":"https:\/\/schema.org","@graph":[{"@type":"WebPage","@id":"https:\/\/www.cosersapty.com\/index.php\/humberto-macea-wilson\/","url":"https:\/\/www.cosersapty.com\/index.php\/humberto-macea-wilson\/","name":"Humberto Macea Wilson - Conceptos de Seguridad y Riesgos","isPartOf":{"@id":"https:\/\/www.cosersapty.com\/#website"},"primaryImageOfPage":{"@id":"https:\/\/www.cosersapty.com\/index.php\/humberto-macea-wilson\/#primaryimage"},"image":{"@id":"https:\/\/www.cosersapty.com\/index.php\/humberto-macea-wilson\/#primaryimage"},"thumbnailUrl":"https:\/\/www.cosersapty.com\/wp-content\/uploads\/2024\/12\/macea.jpg","datePublished":"2024-11-14T18:48:08+00:00","dateModified":"2024-12-12T23:43:59+00:00","breadcrumb":{"@id":"https:\/\/www.cosersapty.com\/index.php\/humberto-macea-wilson\/#breadcrumb"},"inLanguage":"es","potentialAction":[{"@type":"ReadAction","target":["https:\/\/www.cosersapty.com\/index.php\/humberto-macea-wilson\/"]}]},{"@type":"ImageObject","inLanguage":"es","@id":"https:\/\/www.cosersapty.com\/index.php\/humberto-macea-wilson\/#primaryimage","url":"https:\/\/www.cosersapty.com\/wp-content\/uploads\/2024\/11\/macea.jpg","contentUrl":"https:\/\/www.cosersapty.com\/wp-content\/uploads\/2024\/11\/macea.jpg","width":1010,"height":1009},{"@type":"BreadcrumbList","@id":"https:\/\/www.cosersapty.com\/index.php\/humberto-macea-wilson\/#breadcrumb","itemListElement":[{"@type":"ListItem","position":1,"name":"Inicio","item":"https:\/\/www.cosersapty.com\/"},{"@type":"ListItem","position":2,"name":"Humberto Macea Wilson"}]},{"@type":"WebSite","@id":"https:\/\/www.cosersapty.com\/#website","url":"https:\/\/www.cosersapty.com\/","name":"Conceptos de Seguridad y Riesgos","description":"","potentialAction":[{"@type":"SearchAction","target":{"@type":"EntryPoint","urlTemplate":"https:\/\/www.cosersapty.com\/?s={search_term_string}"},"query-input":{"@type":"PropertyValueSpecification","valueRequired":true,"valueName":"search_term_string"}}],"inLanguage":"es"}]}},"_links":{"self":[{"href":"https:\/\/www.cosersapty.com\/index.php\/wp-json\/wp\/v2\/pages\/18","targetHints":{"allow":["GET"]}}],"collection":[{"href":"https:\/\/www.cosersapty.com\/index.php\/wp-json\/wp\/v2\/pages"}],"about":[{"href":"https:\/\/www.cosersapty.com\/index.php\/wp-json\/wp\/v2\/types\/page"}],"author":[{"embeddable":true,"href":"https:\/\/www.cosersapty.com\/index.php\/wp-json\/wp\/v2\/users\/1"}],"replies":[{"embeddable":true,"href":"https:\/\/www.cosersapty.com\/index.php\/wp-json\/wp\/v2\/comments?post=18"}],"version-history":[{"count":8,"href":"https:\/\/www.cosersapty.com\/index.php\/wp-json\/wp\/v2\/pages\/18\/revisions"}],"predecessor-version":[{"id":361,"href":"https:\/\/www.cosersapty.com\/index.php\/wp-json\/wp\/v2\/pages\/18\/revisions\/361"}],"wp:attachment":[{"href":"https:\/\/www.cosersapty.com\/index.php\/wp-json\/wp\/v2\/media?parent=18"}],"curies":[{"name":"wp","href":"https:\/\/api.w.org\/{rel}","templated":true}]}}