{"id":141,"date":"2024-11-22T02:06:34","date_gmt":"2024-11-22T02:06:34","guid":{"rendered":"https:\/\/www.cosersapty.com\/?page_id=141"},"modified":"2024-12-12T23:57:07","modified_gmt":"2024-12-12T23:57:07","slug":"veronica-edwards-de-blanquicet","status":"publish","type":"page","link":"https:\/\/www.cosersapty.com\/index.php\/veronica-edwards-de-blanquicet\/","title":{"rendered":"Ver\u00f3nica Edwards de Blanquicet"},"content":{"rendered":"\n<p><strong>Socia de Cumplimiento<\/strong><\/p>\n\n\n\n<p><\/p>\n\n\n\n<div class=\"wp-block-columns is-layout-flex wp-container-core-columns-is-layout-28f84493 wp-block-columns-is-layout-flex\">\n<div class=\"wp-block-column is-layout-flow wp-block-column-is-layout-flow\">\n<figure class=\"wp-block-image size-full is-resized\"><img loading=\"lazy\" decoding=\"async\" width=\"420\" height=\"530\" src=\"https:\/\/www.cosersapty.com\/wp-content\/uploads\/2024\/12\/Veronica.jpeg\" alt=\"\" class=\"wp-image-347\" style=\"width:435px;height:auto\" srcset=\"https:\/\/www.cosersapty.com\/wp-content\/uploads\/2024\/12\/Veronica.jpeg 420w, https:\/\/www.cosersapty.com\/wp-content\/uploads\/2024\/12\/Veronica-238x300.jpeg 238w\" sizes=\"auto, (max-width: 420px) 100vw, 420px\" \/><\/figure>\n\n\n\n<p><strong>Correo:<\/strong> <a href=\"mailto:vedwards@cosersapty.com\">vedwards@cosersapty.com<\/a><\/p>\n<\/div>\n\n\n\n<div class=\"wp-block-column is-layout-flow wp-block-column-is-layout-flow\">\n<p><\/p>\n\n\n\n<p><strong>Experiencia General<\/strong><\/p>\n\n\n\n<ul class=\"wp-block-list\">\n<li>Ver\u00f3nica cuenta con m\u00e1s de 30 a\u00f1os de experiencia profesional, principalmente en la industria de servicios financieros en las \u00e1reas de Cumplimiento, Riesgo, Auditor\u00eda y Gerencia Comercial.<\/li>\n<\/ul>\n\n\n\n<p><strong>Experiencia Espec\u00edfica<\/strong><\/p>\n\n\n\n<ul class=\"wp-block-list\">\n<li>Ha ocupado posiciones ejecutivas en entidades privadas (Citibank, N.A. \u2013 Panam\u00e1, Citi Business Services Costa Rica, SRL)<\/li>\n<\/ul>\n\n\n\n<p><strong>Estudios acad\u00e9micos<\/strong><\/p>\n\n\n\n<ul class=\"wp-block-list\">\n<li>Postgrado en Alta Gerencia (Universidad Latina de Panam\u00e1)<\/li>\n\n\n\n<li>Maestr\u00eda en Administraci\u00f3n de Negocios con \u00c9nfasis en Banca y Finanzas (Universidad Latina de Panam\u00e1)<\/li>\n\n\n\n<li>Licenciatura en Administraci\u00f3n de Negocios con \u00c9nfasis en Banca y Finanzas (Universidad Latina de Panam\u00e1)<\/li>\n<\/ul>\n<\/div>\n<\/div>\n\n\n\n<figure class=\"wp-block-image alignright size-full is-resized\"><a href=\"\/#elequipo\"><img loading=\"lazy\" decoding=\"async\" width=\"140\" height=\"110\" src=\"https:\/\/www.cosersapty.com\/wp-content\/uploads\/2024\/12\/FlechaArriba.png\" alt=\"Ir a Servicios\" class=\"wp-image-123\" style=\"width:59px;height:auto\"\/><\/a><\/figure>\n\n\n\n<p><\/p>\n","protected":false},"excerpt":{"rendered":"<p>Socia de Cumplimiento Correo: vedwards@cosersapty.com Experiencia General Experiencia Espec\u00edfica Estudios acad\u00e9micos<\/p>\n","protected":false},"author":1,"featured_media":0,"parent":0,"menu_order":0,"comment_status":"closed","ping_status":"closed","template":"","meta":{"footnotes":""},"class_list":["post-141","page","type-page","status-publish","hentry"],"yoast_head":"<!-- This site is optimized with the Yoast SEO plugin v27.2 - https:\/\/yoast.com\/product\/yoast-seo-wordpress\/ -->\r\n<title>Ver\u00f3nica Edwards de Blanquicet - Conceptos de Seguridad y Riesgos<\/title>\r\n<meta name=\"robots\" content=\"index, follow, max-snippet:-1, max-image-preview:large, max-video-preview:-1\" \/>\r\n<link rel=\"canonical\" href=\"https:\/\/www.cosersapty.com\/index.php\/veronica-edwards-de-blanquicet\/\" \/>\r\n<meta property=\"og:locale\" content=\"es_MX\" \/>\r\n<meta property=\"og:type\" content=\"article\" \/>\r\n<meta property=\"og:title\" content=\"Ver\u00f3nica Edwards de Blanquicet - Conceptos de Seguridad y Riesgos\" \/>\r\n<meta property=\"og:description\" content=\"Socia de Cumplimiento Correo: vedwards@cosersapty.com Experiencia General Experiencia Espec\u00edfica Estudios acad\u00e9micos\" \/>\r\n<meta property=\"og:url\" content=\"https:\/\/www.cosersapty.com\/index.php\/veronica-edwards-de-blanquicet\/\" \/>\r\n<meta property=\"og:site_name\" content=\"Conceptos de Seguridad y Riesgos\" \/>\r\n<meta property=\"article:modified_time\" content=\"2024-12-12T23:57:07+00:00\" \/>\r\n<meta property=\"og:image\" content=\"https:\/\/www.cosersapty.com\/wp-content\/uploads\/2024\/12\/Veronica.jpeg\" \/>\r\n\t<meta property=\"og:image:width\" content=\"420\" \/>\r\n\t<meta property=\"og:image:height\" content=\"530\" \/>\r\n\t<meta property=\"og:image:type\" content=\"image\/jpeg\" \/>\r\n<meta name=\"twitter:card\" content=\"summary_large_image\" \/>\r\n<meta name=\"twitter:label1\" content=\"Tiempo de lectura\" \/>\n\t<meta name=\"twitter:data1\" content=\"1 minuto\" \/>\r\n<script type=\"application\/ld+json\" class=\"yoast-schema-graph\">{\"@context\":\"https:\/\/schema.org\",\"@graph\":[{\"@type\":\"WebPage\",\"@id\":\"https:\/\/www.cosersapty.com\/index.php\/veronica-edwards-de-blanquicet\/\",\"url\":\"https:\/\/www.cosersapty.com\/index.php\/veronica-edwards-de-blanquicet\/\",\"name\":\"Ver\u00f3nica Edwards de Blanquicet - Conceptos de Seguridad y Riesgos\",\"isPartOf\":{\"@id\":\"https:\/\/www.cosersapty.com\/#website\"},\"primaryImageOfPage\":{\"@id\":\"https:\/\/www.cosersapty.com\/index.php\/veronica-edwards-de-blanquicet\/#primaryimage\"},\"image\":{\"@id\":\"https:\/\/www.cosersapty.com\/index.php\/veronica-edwards-de-blanquicet\/#primaryimage\"},\"thumbnailUrl\":\"https:\/\/www.cosersapty.com\/wp-content\/uploads\/2024\/12\/Veronica.jpeg\",\"datePublished\":\"2024-11-22T02:06:34+00:00\",\"dateModified\":\"2024-12-12T23:57:07+00:00\",\"breadcrumb\":{\"@id\":\"https:\/\/www.cosersapty.com\/index.php\/veronica-edwards-de-blanquicet\/#breadcrumb\"},\"inLanguage\":\"es\",\"potentialAction\":[{\"@type\":\"ReadAction\",\"target\":[\"https:\/\/www.cosersapty.com\/index.php\/veronica-edwards-de-blanquicet\/\"]}]},{\"@type\":\"ImageObject\",\"inLanguage\":\"es\",\"@id\":\"https:\/\/www.cosersapty.com\/index.php\/veronica-edwards-de-blanquicet\/#primaryimage\",\"url\":\"https:\/\/www.cosersapty.com\/wp-content\/uploads\/2024\/12\/Veronica.jpeg\",\"contentUrl\":\"https:\/\/www.cosersapty.com\/wp-content\/uploads\/2024\/12\/Veronica.jpeg\",\"width\":420,\"height\":530},{\"@type\":\"BreadcrumbList\",\"@id\":\"https:\/\/www.cosersapty.com\/index.php\/veronica-edwards-de-blanquicet\/#breadcrumb\",\"itemListElement\":[{\"@type\":\"ListItem\",\"position\":1,\"name\":\"Inicio\",\"item\":\"https:\/\/www.cosersapty.com\/\"},{\"@type\":\"ListItem\",\"position\":2,\"name\":\"Ver\u00f3nica Edwards de Blanquicet\"}]},{\"@type\":\"WebSite\",\"@id\":\"https:\/\/www.cosersapty.com\/#website\",\"url\":\"https:\/\/www.cosersapty.com\/\",\"name\":\"Conceptos de Seguridad y Riesgos\",\"description\":\"\",\"potentialAction\":[{\"@type\":\"SearchAction\",\"target\":{\"@type\":\"EntryPoint\",\"urlTemplate\":\"https:\/\/www.cosersapty.com\/?s={search_term_string}\"},\"query-input\":{\"@type\":\"PropertyValueSpecification\",\"valueRequired\":true,\"valueName\":\"search_term_string\"}}],\"inLanguage\":\"es\"}]}<\/script>\r\n<!-- \/ Yoast SEO plugin. -->","yoast_head_json":{"title":"Ver\u00f3nica Edwards de Blanquicet - Conceptos de Seguridad y Riesgos","robots":{"index":"index","follow":"follow","max-snippet":"max-snippet:-1","max-image-preview":"max-image-preview:large","max-video-preview":"max-video-preview:-1"},"canonical":"https:\/\/www.cosersapty.com\/index.php\/veronica-edwards-de-blanquicet\/","og_locale":"es_MX","og_type":"article","og_title":"Ver\u00f3nica Edwards de Blanquicet - Conceptos de Seguridad y Riesgos","og_description":"Socia de Cumplimiento Correo: vedwards@cosersapty.com Experiencia General Experiencia Espec\u00edfica Estudios acad\u00e9micos","og_url":"https:\/\/www.cosersapty.com\/index.php\/veronica-edwards-de-blanquicet\/","og_site_name":"Conceptos de Seguridad y Riesgos","article_modified_time":"2024-12-12T23:57:07+00:00","og_image":[{"width":420,"height":530,"url":"https:\/\/www.cosersapty.com\/wp-content\/uploads\/2024\/12\/Veronica.jpeg","type":"image\/jpeg"}],"twitter_card":"summary_large_image","twitter_misc":{"Tiempo de lectura":"1 minuto"},"schema":{"@context":"https:\/\/schema.org","@graph":[{"@type":"WebPage","@id":"https:\/\/www.cosersapty.com\/index.php\/veronica-edwards-de-blanquicet\/","url":"https:\/\/www.cosersapty.com\/index.php\/veronica-edwards-de-blanquicet\/","name":"Ver\u00f3nica Edwards de Blanquicet - Conceptos de Seguridad y Riesgos","isPartOf":{"@id":"https:\/\/www.cosersapty.com\/#website"},"primaryImageOfPage":{"@id":"https:\/\/www.cosersapty.com\/index.php\/veronica-edwards-de-blanquicet\/#primaryimage"},"image":{"@id":"https:\/\/www.cosersapty.com\/index.php\/veronica-edwards-de-blanquicet\/#primaryimage"},"thumbnailUrl":"https:\/\/www.cosersapty.com\/wp-content\/uploads\/2024\/12\/Veronica.jpeg","datePublished":"2024-11-22T02:06:34+00:00","dateModified":"2024-12-12T23:57:07+00:00","breadcrumb":{"@id":"https:\/\/www.cosersapty.com\/index.php\/veronica-edwards-de-blanquicet\/#breadcrumb"},"inLanguage":"es","potentialAction":[{"@type":"ReadAction","target":["https:\/\/www.cosersapty.com\/index.php\/veronica-edwards-de-blanquicet\/"]}]},{"@type":"ImageObject","inLanguage":"es","@id":"https:\/\/www.cosersapty.com\/index.php\/veronica-edwards-de-blanquicet\/#primaryimage","url":"https:\/\/www.cosersapty.com\/wp-content\/uploads\/2024\/12\/Veronica.jpeg","contentUrl":"https:\/\/www.cosersapty.com\/wp-content\/uploads\/2024\/12\/Veronica.jpeg","width":420,"height":530},{"@type":"BreadcrumbList","@id":"https:\/\/www.cosersapty.com\/index.php\/veronica-edwards-de-blanquicet\/#breadcrumb","itemListElement":[{"@type":"ListItem","position":1,"name":"Inicio","item":"https:\/\/www.cosersapty.com\/"},{"@type":"ListItem","position":2,"name":"Ver\u00f3nica Edwards de Blanquicet"}]},{"@type":"WebSite","@id":"https:\/\/www.cosersapty.com\/#website","url":"https:\/\/www.cosersapty.com\/","name":"Conceptos de Seguridad y Riesgos","description":"","potentialAction":[{"@type":"SearchAction","target":{"@type":"EntryPoint","urlTemplate":"https:\/\/www.cosersapty.com\/?s={search_term_string}"},"query-input":{"@type":"PropertyValueSpecification","valueRequired":true,"valueName":"search_term_string"}}],"inLanguage":"es"}]}},"_links":{"self":[{"href":"https:\/\/www.cosersapty.com\/index.php\/wp-json\/wp\/v2\/pages\/141","targetHints":{"allow":["GET"]}}],"collection":[{"href":"https:\/\/www.cosersapty.com\/index.php\/wp-json\/wp\/v2\/pages"}],"about":[{"href":"https:\/\/www.cosersapty.com\/index.php\/wp-json\/wp\/v2\/types\/page"}],"author":[{"embeddable":true,"href":"https:\/\/www.cosersapty.com\/index.php\/wp-json\/wp\/v2\/users\/1"}],"replies":[{"embeddable":true,"href":"https:\/\/www.cosersapty.com\/index.php\/wp-json\/wp\/v2\/comments?post=141"}],"version-history":[{"count":10,"href":"https:\/\/www.cosersapty.com\/index.php\/wp-json\/wp\/v2\/pages\/141\/revisions"}],"predecessor-version":[{"id":366,"href":"https:\/\/www.cosersapty.com\/index.php\/wp-json\/wp\/v2\/pages\/141\/revisions\/366"}],"wp:attachment":[{"href":"https:\/\/www.cosersapty.com\/index.php\/wp-json\/wp\/v2\/media?parent=141"}],"curies":[{"name":"wp","href":"https:\/\/api.w.org\/{rel}","templated":true}]}}